{"id":16601,"date":"2026-01-27T13:27:20","date_gmt":"2026-01-27T12:27:20","guid":{"rendered":"https:\/\/sollerbenamunt.com\/?page_id=16601"},"modified":"2026-01-27T15:51:00","modified_gmt":"2026-01-27T14:51:00","slug":"kommunikationsklausel","status":"publish","type":"page","link":"https:\/\/sollerbenamunt.com\/de\/kommunikationsklausel\/","title":{"rendered":"Kommunikationsklausel"},"content":{"rendered":"<div class=\"wpb-content-wrapper\"><p>[vc_row full_width=&#8220;stretch_row_content_no_spaces&#8220; vc_row_angle_after_reverce=&#8220;yes&#8220;][vc_column][xtrm_banner_child style_banner=&#8220;simple&#8220; height=&#8220;medium_banner&#8220; light=&#8220;yes&#8220; btn_style=&#8220;a-btn&#8220; custom_overlay=&#8220;true&#8220; overlay_color=&#8220;#00000060&#8243; title=&#8220;Kommunikationsklausel&#8220; image=&#8220;11322&#8243;][\/vc_column][\/vc_row][vc_row desctop_mt=&#8220;margin-lg-175t&#8220;][vc_column][vc_column_text css=&#8220;&#8220;]Gem\u00e4\u00df den geltenden Vorschriften zum Schutz personenbezogener Daten wird der Nutzer dar\u00fcber informiert, dass die \u00fcber das Formular bereitgestellten Daten in das Verarbeitungssystem von <strong data-start=\"490\" data-end=\"514\">ANDREU BORR\u00c0S GARC\u00cdA<\/strong>, NIF 43176746L, mit Anschrift (zu Benachrichtigungszwecken): CARRER ES BORN, 5, 07100 S\u00d3LLER (ILLES BALEARS), und der E-Mail-Adresse <strong data-start=\"573\" data-end=\"600\"><a class=\"decorated-link cursor-pointer\" rel=\"noopener\" data-start=\"575\" data-end=\"598\">info@sollerbenamunt.com<\/a><\/strong> aufgenommen werden und dass nachfolgend die jeweiligen Zwecke, Aufbewahrungsfristen und Rechtsgrundlagen aufgef\u00fchrt sind.[\/vc_column_text][vc_column_text css=&#8220;&#8220;]<\/p>\n<p data-start=\"768\" data-end=\"1076\"><strong data-start=\"768\" data-end=\"782\">Zweck<\/strong>: Erhebung, Registrierung und Verarbeitung der Daten mit dem Ziel, Mitteilungen und Dokumentationen zu den Aktivit\u00e4ten und Dienstleistungen von <strong data-start=\"927\" data-end=\"951\">ANDREU BORR\u00c0S GARC\u00cdA<\/strong> \u00fcber <strong data-start=\"965\" data-end=\"999\">WhatsApp und\/oder E-Mail<\/strong> zu versenden und eine direkte und bidirektionale Kommunikation aufrechtzuerhalten, sofern der Nutzer dies autorisiert.<\/p>\n<p data-start=\"1078\" data-end=\"1150\"><strong data-start=\"1078\" data-end=\"1105\">Aufbewahrungsfrist<\/strong>: Solange die erteilte Einwilligung aufrechterhalten wird.<\/p>\n<p data-start=\"1152\" data-end=\"1292\"><strong data-start=\"1152\" data-end=\"1174\">Rechtsgrundlage:<\/strong> Die ausdr\u00fcckliche Einwilligung der betroffenen Person, erteilt durch Ankreuzen des entsprechenden K\u00e4stchens im Webformular.<\/p>\n<p data-start=\"1294\" data-end=\"1584\"><strong data-start=\"1294\" data-end=\"1320\">Rechte der betroffenen Person<\/strong>: Der Nutzer kann jederzeit seine Rechte auf Auskunft, Berichtigung, L\u00f6schung, Einschr\u00e4nkung der Verarbeitung, Widerspruch oder Daten\u00fcbertragbarkeit aus\u00fcben sowie die Einwilligung widerrufen, indem er eine Anfrage an die angegebene Postanschrift oder an die E-Mail <strong data-start=\"1556\" data-end=\"1583\"><a class=\"decorated-link cursor-pointer\" rel=\"noopener\" data-start=\"1558\" data-end=\"1581\">info@sollerbenamunt.com<\/a><\/strong> sendet.<\/p>\n<p>[\/vc_column_text][vc_column_text css=&#8220;&#8220;]<\/p>\n<p data-start=\"1586\" data-end=\"2058\">In \u00dcbereinstimmung mit den durch die geltenden Datenschutzbestimmungen gew\u00e4hrten Rechten kann der Nutzer die Rechte auf Auskunft, Berichtigung, Einschr\u00e4nkung der Verarbeitung, L\u00f6schung (\u201cRecht auf Vergessenwerden\u201d), Daten\u00fcbertragbarkeit und Widerspruch gegen die Verarbeitung personenbezogener Daten sowie den Widerruf der erteilten Einwilligung aus\u00fcben, indem er eine Anfrage an die oben angegebene Postanschrift oder die E-Mail <strong data-start=\"2030\" data-end=\"2057\"><a class=\"decorated-link cursor-pointer\" rel=\"noopener\" data-start=\"2032\" data-end=\"2055\">info@sollerbenamunt.com<\/a><\/strong> sendet.<\/p>\n<p data-start=\"2060\" data-end=\"2379\">Der Nutzer kann sich an die zust\u00e4ndige Aufsichtsbeh\u00f6rde wenden, um eine Beschwerde einzureichen. <strong data-start=\"2164\" data-end=\"2188\">ANDREU BORR\u00c0S GARC\u00cdA<\/strong> <strong data-start=\"2202\" data-end=\"2378\">informiert, dass der Nutzer durch das Ankreuzen des entsprechenden K\u00e4stchens im Webformular seine ausdr\u00fcckliche Einwilligung zur Verarbeitung seiner Daten f\u00fcr die oben genannten Zwecke erteilt.<\/strong><\/p>\n<p>[\/vc_column_text][vc_empty_space][\/vc_column][\/vc_row]<\/p>\n<\/div>","protected":false},"excerpt":{"rendered":"<p>[vc_row full_width=&#8220;stretch_row_content_no_spaces&#8220; vc_row_angle_after_reverce=&#8220;yes&#8220;][vc_column][xtrm_banner_child style_banner=&#8220;simple&#8220; height=&#8220;medium_banner&#8220; light=&#8220;yes&#8220; btn_style=&#8220;a-btn&#8220; custom_overlay=&#8220;true&#8220; overlay_color=&#8220;#00000060&#8243; title=&#8220;Kommunikationsklausel&#8220; image=&#8220;11322&#8243;][\/vc_column][\/vc_row][vc_row desctop_mt=&#8220;margin-lg-175t&#8220;][vc_column][vc_column_text css=&#8220;&#8220;]Gem\u00e4\u00df den geltenden Vorschriften zum Schutz personenbezogener Daten wird der Nutzer dar\u00fcber informiert, dass die \u00fcber das Formular bereitgestellten Daten in das Verarbeitungssystem von ANDREU BORR\u00c0S GARC\u00cdA, NIF 43176746L, mit Anschrift (zu Benachrichtigungszwecken): CARRER ES BORN, 5, 07100 S\u00d3LLER (ILLES BALEARS), und der &#8230;<\/p>\n","protected":false},"author":2,"featured_media":0,"parent":0,"menu_order":0,"comment_status":"closed","ping_status":"closed","template":"","meta":{"_acf_changed":false,"inline_featured_image":false,"footnotes":""},"class_list":["post-16601","page","type-page","status-publish","hentry"],"acf":[],"yoast_head":"<!-- This site is optimized with the Yoast SEO plugin v25.9 - https:\/\/yoast.com\/wordpress\/plugins\/seo\/ -->\n<title>Kommunikationsklausel | S\u00d3LLER BEN AMUNT<\/title>\n<meta name=\"robots\" content=\"index, follow, max-snippet:-1, max-image-preview:large, max-video-preview:-1\" \/>\n<link rel=\"canonical\" href=\"https:\/\/sollerbenamunt.com\/de\/kommunikationsklausel\/\" \/>\n<meta property=\"og:locale\" content=\"de_DE\" \/>\n<meta property=\"og:type\" content=\"article\" \/>\n<meta property=\"og:title\" content=\"Kommunikationsklausel | S\u00d3LLER BEN AMUNT\" \/>\n<meta property=\"og:description\" content=\"[vc_row full_width=&#8220;stretch_row_content_no_spaces&#8220; vc_row_angle_after_reverce=&#8220;yes&#8220;][vc_column][xtrm_banner_child style_banner=&#8220;simple&#8220; height=&#8220;medium_banner&#8220; light=&#8220;yes&#8220; btn_style=&#8220;a-btn&#8220; custom_overlay=&#8220;true&#8220; overlay_color=&#8220;#00000060&#8243; title=&#8220;Kommunikationsklausel&#8220; image=&#8220;11322&#8243;][\/vc_column][\/vc_row][vc_row desctop_mt=&#8220;margin-lg-175t&#8220;][vc_column][vc_column_text css=&#8220;&#8220;]Gem\u00e4\u00df den geltenden Vorschriften zum Schutz personenbezogener Daten wird der Nutzer dar\u00fcber informiert, dass die \u00fcber das Formular bereitgestellten Daten in das Verarbeitungssystem von ANDREU BORR\u00c0S GARC\u00cdA, NIF 43176746L, mit Anschrift (zu Benachrichtigungszwecken): CARRER ES BORN, 5, 07100 S\u00d3LLER (ILLES BALEARS), und der ...\" \/>\n<meta property=\"og:url\" content=\"https:\/\/sollerbenamunt.com\/de\/kommunikationsklausel\/\" \/>\n<meta property=\"og:site_name\" content=\"S\u00d3LLER BEN AMUNT\" \/>\n<meta property=\"article:publisher\" content=\"https:\/\/www.facebook.com\/sollerbenamunt\" \/>\n<meta property=\"article:modified_time\" content=\"2026-01-27T14:51:00+00:00\" \/>\n<meta property=\"og:image\" content=\"https:\/\/sollerbenamunt.com\/wp-content\/uploads\/2024\/06\/20221029_130507-01-1024x576.jpg\" \/>\n\t<meta property=\"og:image:width\" content=\"1024\" \/>\n\t<meta property=\"og:image:height\" content=\"576\" \/>\n\t<meta property=\"og:image:type\" content=\"image\/jpeg\" \/>\n<meta name=\"twitter:card\" content=\"summary_large_image\" \/>\n<meta name=\"twitter:label1\" content=\"Gesch\u00e4tzte Lesezeit\" \/>\n\t<meta name=\"twitter:data1\" content=\"2\u00a0Minuten\" \/>\n<script type=\"application\/ld+json\" class=\"yoast-schema-graph\">{\"@context\":\"https:\/\/schema.org\",\"@graph\":[{\"@type\":\"WebPage\",\"@id\":\"https:\/\/sollerbenamunt.com\/de\/kommunikationsklausel\/\",\"url\":\"https:\/\/sollerbenamunt.com\/de\/kommunikationsklausel\/\",\"name\":\"Kommunikationsklausel | S\u00d3LLER BEN AMUNT\",\"isPartOf\":{\"@id\":\"https:\/\/sollerbenamunt.com\/de\/#website\"},\"datePublished\":\"2026-01-27T12:27:20+00:00\",\"dateModified\":\"2026-01-27T14:51:00+00:00\",\"breadcrumb\":{\"@id\":\"https:\/\/sollerbenamunt.com\/de\/kommunikationsklausel\/#breadcrumb\"},\"inLanguage\":\"de\",\"potentialAction\":[{\"@type\":\"ReadAction\",\"target\":[\"https:\/\/sollerbenamunt.com\/de\/kommunikationsklausel\/\"]}]},{\"@type\":\"BreadcrumbList\",\"@id\":\"https:\/\/sollerbenamunt.com\/de\/kommunikationsklausel\/#breadcrumb\",\"itemListElement\":[{\"@type\":\"ListItem\",\"position\":1,\"name\":\"Portada\",\"item\":\"https:\/\/sollerbenamunt.com\/de\/\"},{\"@type\":\"ListItem\",\"position\":2,\"name\":\"Kommunikationsklausel\"}]},{\"@type\":\"WebSite\",\"@id\":\"https:\/\/sollerbenamunt.com\/de\/#website\",\"url\":\"https:\/\/sollerbenamunt.com\/de\/\",\"name\":\"S\u00d3LLER BEN AMUNT\",\"description\":\"Wandern und Trailrunning auf Mallorca\",\"publisher\":{\"@id\":\"https:\/\/sollerbenamunt.com\/de\/#organization\"},\"alternateName\":\"S\u00d3LLER BEN AMUNT\",\"potentialAction\":[{\"@type\":\"SearchAction\",\"target\":{\"@type\":\"EntryPoint\",\"urlTemplate\":\"https:\/\/sollerbenamunt.com\/de\/?s={search_term_string}\"},\"query-input\":{\"@type\":\"PropertyValueSpecification\",\"valueRequired\":true,\"valueName\":\"search_term_string\"}}],\"inLanguage\":\"de\"},{\"@type\":\"Organization\",\"@id\":\"https:\/\/sollerbenamunt.com\/de\/#organization\",\"name\":\"S\u00d3LLER BEN AMUNT\",\"alternateName\":\"S\u00d3LLER BEN AMUNT\",\"url\":\"https:\/\/sollerbenamunt.com\/de\/\",\"logo\":{\"@type\":\"ImageObject\",\"inLanguage\":\"de\",\"@id\":\"https:\/\/sollerbenamunt.com\/de\/#\/schema\/logo\/image\/\",\"url\":\"https:\/\/sollerbenamunt.com\/wp-content\/uploads\/2025\/03\/sollerbenamunt-logo-fondo-blanco.png\",\"contentUrl\":\"https:\/\/sollerbenamunt.com\/wp-content\/uploads\/2025\/03\/sollerbenamunt-logo-fondo-blanco.png\",\"width\":1080,\"height\":1080,\"caption\":\"S\u00d3LLER BEN AMUNT\"},\"image\":{\"@id\":\"https:\/\/sollerbenamunt.com\/de\/#\/schema\/logo\/image\/\"},\"sameAs\":[\"https:\/\/www.facebook.com\/sollerbenamunt\",\"https:\/\/www.instagram.com\/soller_ben_amunt\/\"]}]}<\/script>\n<!-- \/ Yoast SEO plugin. -->","yoast_head_json":{"title":"Kommunikationsklausel | S\u00d3LLER BEN AMUNT","robots":{"index":"index","follow":"follow","max-snippet":"max-snippet:-1","max-image-preview":"max-image-preview:large","max-video-preview":"max-video-preview:-1"},"canonical":"https:\/\/sollerbenamunt.com\/de\/kommunikationsklausel\/","og_locale":"de_DE","og_type":"article","og_title":"Kommunikationsklausel | S\u00d3LLER BEN AMUNT","og_description":"[vc_row full_width=&#8220;stretch_row_content_no_spaces&#8220; vc_row_angle_after_reverce=&#8220;yes&#8220;][vc_column][xtrm_banner_child style_banner=&#8220;simple&#8220; height=&#8220;medium_banner&#8220; light=&#8220;yes&#8220; btn_style=&#8220;a-btn&#8220; custom_overlay=&#8220;true&#8220; overlay_color=&#8220;#00000060&#8243; title=&#8220;Kommunikationsklausel&#8220; image=&#8220;11322&#8243;][\/vc_column][\/vc_row][vc_row desctop_mt=&#8220;margin-lg-175t&#8220;][vc_column][vc_column_text css=&#8220;&#8220;]Gem\u00e4\u00df den geltenden Vorschriften zum Schutz personenbezogener Daten wird der Nutzer dar\u00fcber informiert, dass die \u00fcber das Formular bereitgestellten Daten in das Verarbeitungssystem von ANDREU BORR\u00c0S GARC\u00cdA, NIF 43176746L, mit Anschrift (zu Benachrichtigungszwecken): CARRER ES BORN, 5, 07100 S\u00d3LLER (ILLES BALEARS), und der ...","og_url":"https:\/\/sollerbenamunt.com\/de\/kommunikationsklausel\/","og_site_name":"S\u00d3LLER BEN AMUNT","article_publisher":"https:\/\/www.facebook.com\/sollerbenamunt","article_modified_time":"2026-01-27T14:51:00+00:00","og_image":[{"width":1024,"height":576,"url":"https:\/\/sollerbenamunt.com\/wp-content\/uploads\/2024\/06\/20221029_130507-01-1024x576.jpg","type":"image\/jpeg"}],"twitter_card":"summary_large_image","twitter_misc":{"Gesch\u00e4tzte Lesezeit":"2\u00a0Minuten"},"schema":{"@context":"https:\/\/schema.org","@graph":[{"@type":"WebPage","@id":"https:\/\/sollerbenamunt.com\/de\/kommunikationsklausel\/","url":"https:\/\/sollerbenamunt.com\/de\/kommunikationsklausel\/","name":"Kommunikationsklausel | S\u00d3LLER BEN AMUNT","isPartOf":{"@id":"https:\/\/sollerbenamunt.com\/de\/#website"},"datePublished":"2026-01-27T12:27:20+00:00","dateModified":"2026-01-27T14:51:00+00:00","breadcrumb":{"@id":"https:\/\/sollerbenamunt.com\/de\/kommunikationsklausel\/#breadcrumb"},"inLanguage":"de","potentialAction":[{"@type":"ReadAction","target":["https:\/\/sollerbenamunt.com\/de\/kommunikationsklausel\/"]}]},{"@type":"BreadcrumbList","@id":"https:\/\/sollerbenamunt.com\/de\/kommunikationsklausel\/#breadcrumb","itemListElement":[{"@type":"ListItem","position":1,"name":"Portada","item":"https:\/\/sollerbenamunt.com\/de\/"},{"@type":"ListItem","position":2,"name":"Kommunikationsklausel"}]},{"@type":"WebSite","@id":"https:\/\/sollerbenamunt.com\/de\/#website","url":"https:\/\/sollerbenamunt.com\/de\/","name":"S\u00d3LLER BEN AMUNT","description":"Wandern und Trailrunning auf Mallorca","publisher":{"@id":"https:\/\/sollerbenamunt.com\/de\/#organization"},"alternateName":"S\u00d3LLER BEN AMUNT","potentialAction":[{"@type":"SearchAction","target":{"@type":"EntryPoint","urlTemplate":"https:\/\/sollerbenamunt.com\/de\/?s={search_term_string}"},"query-input":{"@type":"PropertyValueSpecification","valueRequired":true,"valueName":"search_term_string"}}],"inLanguage":"de"},{"@type":"Organization","@id":"https:\/\/sollerbenamunt.com\/de\/#organization","name":"S\u00d3LLER BEN AMUNT","alternateName":"S\u00d3LLER BEN AMUNT","url":"https:\/\/sollerbenamunt.com\/de\/","logo":{"@type":"ImageObject","inLanguage":"de","@id":"https:\/\/sollerbenamunt.com\/de\/#\/schema\/logo\/image\/","url":"https:\/\/sollerbenamunt.com\/wp-content\/uploads\/2025\/03\/sollerbenamunt-logo-fondo-blanco.png","contentUrl":"https:\/\/sollerbenamunt.com\/wp-content\/uploads\/2025\/03\/sollerbenamunt-logo-fondo-blanco.png","width":1080,"height":1080,"caption":"S\u00d3LLER BEN AMUNT"},"image":{"@id":"https:\/\/sollerbenamunt.com\/de\/#\/schema\/logo\/image\/"},"sameAs":["https:\/\/www.facebook.com\/sollerbenamunt","https:\/\/www.instagram.com\/soller_ben_amunt\/"]}]}},"_links":{"self":[{"href":"https:\/\/sollerbenamunt.com\/de\/wp-json\/wp\/v2\/pages\/16601","targetHints":{"allow":["GET"]}}],"collection":[{"href":"https:\/\/sollerbenamunt.com\/de\/wp-json\/wp\/v2\/pages"}],"about":[{"href":"https:\/\/sollerbenamunt.com\/de\/wp-json\/wp\/v2\/types\/page"}],"author":[{"embeddable":true,"href":"https:\/\/sollerbenamunt.com\/de\/wp-json\/wp\/v2\/users\/2"}],"replies":[{"embeddable":true,"href":"https:\/\/sollerbenamunt.com\/de\/wp-json\/wp\/v2\/comments?post=16601"}],"version-history":[{"count":6,"href":"https:\/\/sollerbenamunt.com\/de\/wp-json\/wp\/v2\/pages\/16601\/revisions"}],"predecessor-version":[{"id":16646,"href":"https:\/\/sollerbenamunt.com\/de\/wp-json\/wp\/v2\/pages\/16601\/revisions\/16646"}],"wp:attachment":[{"href":"https:\/\/sollerbenamunt.com\/de\/wp-json\/wp\/v2\/media?parent=16601"}],"curies":[{"name":"wp","href":"https:\/\/api.w.org\/{rel}","templated":true}]}}