{"id":16595,"date":"2026-01-27T13:27:20","date_gmt":"2026-01-27T12:27:20","guid":{"rendered":"https:\/\/sollerbenamunt.com\/?page_id=16595"},"modified":"2026-01-27T15:48:41","modified_gmt":"2026-01-27T14:48:41","slug":"clausula-comunicaciones","status":"publish","type":"page","link":"https:\/\/sollerbenamunt.com\/es\/clausula-comunicaciones\/","title":{"rendered":"Clausula Comunicaciones"},"content":{"rendered":"<div class=\"wpb-content-wrapper\"><p>[vc_row full_width=\u00bbstretch_row_content_no_spaces\u00bb vc_row_angle_after_reverce=\u00bbyes\u00bb][vc_column][xtrm_banner_child style_banner=\u00bbsimple\u00bb height=\u00bbmedium_banner\u00bb light=\u00bbyes\u00bb btn_style=\u00bba-btn\u00bb custom_overlay=\u00bbtrue\u00bb overlay_color=\u00bb#00000060&#8243; title=\u00bbCl\u00e1usula de comunicaciones\u00bb image=\u00bb11322&#8243;][\/vc_column][\/vc_row][vc_row desctop_mt=\u00bbmargin-lg-175t\u00bb][vc_column][vc_column_text css=\u00bb\u00bb]De conformidad con la normativa vigente en protecci\u00f3n de datos de car\u00e1cter personal, se informa al usuario que los datos facilitados a trav\u00e9s del formulario ser\u00e1n incorporados al sistema de tratamiento de <strong data-start=\"490\" data-end=\"514\">ANDREU BORR\u00c0S GARC\u00cdA<\/strong>, NIF 43176746L, con domicilio (a efectos de notificaci\u00f3n): CARRER ES BORN, 5, 07100 S\u00d3LLER (ILLES BALEARS) y correo electr\u00f3nico <strong data-start=\"573\" data-end=\"600\"><a class=\"decorated-link cursor-pointer\" rel=\"noopener\" data-start=\"575\" data-end=\"598\">info@sollerbenamunt.com<\/a><\/strong>, y que a continuaci\u00f3n se relacionan sus respectivas finalidades, plazos de conservaci\u00f3n y bases legitimadoras.[\/vc_column_text][vc_column_text css=\u00bb\u00bb]<\/p>\n<p data-start=\"768\" data-end=\"1076\"><strong data-start=\"768\" data-end=\"782\">Finalidad<\/strong>: Captaci\u00f3n, registro y tratamiento de los datos con la finalidad de remitir comunicaciones y documentaci\u00f3n relacionadas con las actividades y servicios de <strong data-start=\"927\" data-end=\"951\">ANDREU BORR\u00c0S GARC\u00cdA<\/strong>, a trav\u00e9s de <strong data-start=\"965\" data-end=\"999\">WhatsApp y\/o correo electr\u00f3nico,<\/strong> manteniendo una comunicaci\u00f3n directa y bidireccional si el usuario lo autoriza.<\/p>\n<p data-start=\"1078\" data-end=\"1150\"><strong data-start=\"1078\" data-end=\"1105\">Plazo de conservaci\u00f3n<\/strong>: Mientras se mantenga el consentimiento prestado.<\/p>\n<p data-start=\"1152\" data-end=\"1292\"><strong data-start=\"1152\" data-end=\"1174\">Base legitimadora<\/strong>: El consentimiento expl\u00edcito del interesado, otorgado mediante la marcaci\u00f3n de la casilla correspondiente en el formulario web.<\/p>\n<p data-start=\"1294\" data-end=\"1584\"><strong data-start=\"1294\" data-end=\"1320\">Derechos del interesado<\/strong>: Puede ejercer en cualquier momento sus derechos de acceso, rectificaci\u00f3n, supresi\u00f3n, limitaci\u00f3n del tratamiento, oposici\u00f3n o portabilidad, as\u00ed como revocar el consentimiento, enviando una solicitud a la direcci\u00f3n postal indicada o al correo electr\u00f3nico <a class=\"decorated-link cursor-pointer\" rel=\"noopener\" data-start=\"1558\" data-end=\"1581\">info@sollerbenamunt.com<\/a><\/p>\n<p>[\/vc_column_text][vc_column_text css=\u00bb\u00bb]<\/p>\n<p data-start=\"1586\" data-end=\"2058\">De acuerdo con los derechos que le confiere la normativa vigente y aplicable en protecci\u00f3n de datos podr\u00e1 ejercer los derechos de acceso, rectificaci\u00f3n, limitaci\u00f3n de tratamiento, supresi\u00f3n (\u201cderecho al olvido\u201d), portabilidad y oposici\u00f3n al tratamiento de sus datos de car\u00e1cter personal as\u00ed como la revocaci\u00f3n del consentimiento prestado para el tratamiento de los mismos, dirigiendo su petici\u00f3n a la direcci\u00f3n postal indicada m\u00e1s arriba o al correo electr\u00f3nico <strong data-start=\"2030\" data-end=\"2057\"><a class=\"decorated-link cursor-pointer\" rel=\"noopener\" data-start=\"2032\" data-end=\"2055\">info@sollerbenamunt.com<\/a><\/strong><\/p>\n<p data-start=\"2060\" data-end=\"2379\">Podr\u00e1 dirigirse a la Autoridad de Control competente para presentar la reclamaci\u00f3n que considere oportuna. <strong data-start=\"2164\" data-end=\"2188\">ANDREU BORRAS GARCIA<\/strong> informa que con mediante la marcaci\u00f3n de la casilla correspondiente en el formulario web, otorga el consentimiento expl\u00edcito para el tratamiento de los datos de las finalidades mencionadas anteriormente.<\/p>\n<p>[\/vc_column_text][vc_empty_space][\/vc_column][\/vc_row]<\/p>\n<\/div>","protected":false},"excerpt":{"rendered":"<p>[vc_row full_width=\u00bbstretch_row_content_no_spaces\u00bb vc_row_angle_after_reverce=\u00bbyes\u00bb][vc_column][xtrm_banner_child style_banner=\u00bbsimple\u00bb height=\u00bbmedium_banner\u00bb light=\u00bbyes\u00bb btn_style=\u00bba-btn\u00bb custom_overlay=\u00bbtrue\u00bb overlay_color=\u00bb#00000060&#8243; title=\u00bbCl\u00e1usula de comunicaciones\u00bb image=\u00bb11322&#8243;][\/vc_column][\/vc_row][vc_row desctop_mt=\u00bbmargin-lg-175t\u00bb][vc_column][vc_column_text css=\u00bb\u00bb]De conformidad con la normativa vigente en protecci\u00f3n de datos de car\u00e1cter personal, se informa al usuario que los datos facilitados a trav\u00e9s del formulario ser\u00e1n incorporados al sistema de tratamiento de ANDREU BORR\u00c0S GARC\u00cdA, NIF 43176746L, con domicilio (a efectos &#8230;<\/p>\n","protected":false},"author":2,"featured_media":0,"parent":0,"menu_order":0,"comment_status":"closed","ping_status":"closed","template":"","meta":{"_acf_changed":false,"inline_featured_image":false,"footnotes":""},"class_list":["post-16595","page","type-page","status-publish","hentry"],"acf":[],"yoast_head":"<!-- This site is optimized with the Yoast SEO plugin v25.9 - https:\/\/yoast.com\/wordpress\/plugins\/seo\/ -->\n<title>Clausula Comunicaciones | S\u00d3LLER BEN AMUNT<\/title>\n<meta name=\"robots\" content=\"index, follow, max-snippet:-1, max-image-preview:large, max-video-preview:-1\" \/>\n<link rel=\"canonical\" href=\"https:\/\/sollerbenamunt.com\/es\/clausula-comunicaciones\/\" \/>\n<meta property=\"og:locale\" content=\"es_ES\" \/>\n<meta property=\"og:type\" content=\"article\" \/>\n<meta property=\"og:title\" content=\"Clausula Comunicaciones | S\u00d3LLER BEN AMUNT\" \/>\n<meta property=\"og:description\" content=\"[vc_row full_width=\u00bbstretch_row_content_no_spaces\u00bb vc_row_angle_after_reverce=\u00bbyes\u00bb][vc_column][xtrm_banner_child style_banner=\u00bbsimple\u00bb height=\u00bbmedium_banner\u00bb light=\u00bbyes\u00bb btn_style=\u00bba-btn\u00bb custom_overlay=\u00bbtrue\u00bb overlay_color=\u00bb#00000060&#8243; title=\u00bbCl\u00e1usula de comunicaciones\u00bb image=\u00bb11322&#8243;][\/vc_column][\/vc_row][vc_row desctop_mt=\u00bbmargin-lg-175t\u00bb][vc_column][vc_column_text css=\u00bb\u00bb]De conformidad con la normativa vigente en protecci\u00f3n de datos de car\u00e1cter personal, se informa al usuario que los datos facilitados a trav\u00e9s del formulario ser\u00e1n incorporados al sistema de tratamiento de ANDREU BORR\u00c0S GARC\u00cdA, NIF 43176746L, con domicilio (a efectos ...\" \/>\n<meta property=\"og:url\" content=\"https:\/\/sollerbenamunt.com\/es\/clausula-comunicaciones\/\" \/>\n<meta property=\"og:site_name\" content=\"S\u00d3LLER BEN AMUNT\" \/>\n<meta property=\"article:publisher\" content=\"https:\/\/www.facebook.com\/sollerbenamunt\" \/>\n<meta property=\"article:modified_time\" content=\"2026-01-27T14:48:41+00:00\" \/>\n<meta property=\"og:image\" content=\"https:\/\/sollerbenamunt.com\/wp-content\/uploads\/2024\/06\/20221029_130507-01-1024x576.jpg\" \/>\n\t<meta property=\"og:image:width\" content=\"1024\" \/>\n\t<meta property=\"og:image:height\" content=\"576\" \/>\n\t<meta property=\"og:image:type\" content=\"image\/jpeg\" \/>\n<meta name=\"twitter:card\" content=\"summary_large_image\" \/>\n<meta name=\"twitter:label1\" content=\"Tiempo de lectura\" \/>\n\t<meta name=\"twitter:data1\" content=\"2 minutos\" \/>\n<script type=\"application\/ld+json\" class=\"yoast-schema-graph\">{\"@context\":\"https:\/\/schema.org\",\"@graph\":[{\"@type\":\"WebPage\",\"@id\":\"https:\/\/sollerbenamunt.com\/es\/clausula-comunicaciones\/\",\"url\":\"https:\/\/sollerbenamunt.com\/es\/clausula-comunicaciones\/\",\"name\":\"Clausula Comunicaciones | S\u00d3LLER BEN AMUNT\",\"isPartOf\":{\"@id\":\"https:\/\/sollerbenamunt.com\/es\/#website\"},\"datePublished\":\"2026-01-27T12:27:20+00:00\",\"dateModified\":\"2026-01-27T14:48:41+00:00\",\"breadcrumb\":{\"@id\":\"https:\/\/sollerbenamunt.com\/es\/clausula-comunicaciones\/#breadcrumb\"},\"inLanguage\":\"es\",\"potentialAction\":[{\"@type\":\"ReadAction\",\"target\":[\"https:\/\/sollerbenamunt.com\/es\/clausula-comunicaciones\/\"]}]},{\"@type\":\"BreadcrumbList\",\"@id\":\"https:\/\/sollerbenamunt.com\/es\/clausula-comunicaciones\/#breadcrumb\",\"itemListElement\":[{\"@type\":\"ListItem\",\"position\":1,\"name\":\"Portada\",\"item\":\"https:\/\/sollerbenamunt.com\/es\/inicio\/\"},{\"@type\":\"ListItem\",\"position\":2,\"name\":\"Clausula Comunicaciones\"}]},{\"@type\":\"WebSite\",\"@id\":\"https:\/\/sollerbenamunt.com\/es\/#website\",\"url\":\"https:\/\/sollerbenamunt.com\/es\/\",\"name\":\"S\u00d3LLER BEN AMUNT\",\"description\":\"Senderismo y Trailrunning en Mallorca\",\"publisher\":{\"@id\":\"https:\/\/sollerbenamunt.com\/es\/#organization\"},\"alternateName\":\"S\u00d3LLER BEN AMUNT\",\"potentialAction\":[{\"@type\":\"SearchAction\",\"target\":{\"@type\":\"EntryPoint\",\"urlTemplate\":\"https:\/\/sollerbenamunt.com\/es\/?s={search_term_string}\"},\"query-input\":{\"@type\":\"PropertyValueSpecification\",\"valueRequired\":true,\"valueName\":\"search_term_string\"}}],\"inLanguage\":\"es\"},{\"@type\":\"Organization\",\"@id\":\"https:\/\/sollerbenamunt.com\/es\/#organization\",\"name\":\"S\u00d3LLER BEN AMUNT\",\"alternateName\":\"S\u00d3LLER BEN AMUNT\",\"url\":\"https:\/\/sollerbenamunt.com\/es\/\",\"logo\":{\"@type\":\"ImageObject\",\"inLanguage\":\"es\",\"@id\":\"https:\/\/sollerbenamunt.com\/es\/#\/schema\/logo\/image\/\",\"url\":\"https:\/\/sollerbenamunt.com\/wp-content\/uploads\/2025\/03\/sollerbenamunt-logo-fondo-blanco.png\",\"contentUrl\":\"https:\/\/sollerbenamunt.com\/wp-content\/uploads\/2025\/03\/sollerbenamunt-logo-fondo-blanco.png\",\"width\":1080,\"height\":1080,\"caption\":\"S\u00d3LLER BEN AMUNT\"},\"image\":{\"@id\":\"https:\/\/sollerbenamunt.com\/es\/#\/schema\/logo\/image\/\"},\"sameAs\":[\"https:\/\/www.facebook.com\/sollerbenamunt\",\"https:\/\/www.instagram.com\/soller_ben_amunt\/\"]}]}<\/script>\n<!-- \/ Yoast SEO plugin. -->","yoast_head_json":{"title":"Clausula Comunicaciones | S\u00d3LLER BEN AMUNT","robots":{"index":"index","follow":"follow","max-snippet":"max-snippet:-1","max-image-preview":"max-image-preview:large","max-video-preview":"max-video-preview:-1"},"canonical":"https:\/\/sollerbenamunt.com\/es\/clausula-comunicaciones\/","og_locale":"es_ES","og_type":"article","og_title":"Clausula Comunicaciones | S\u00d3LLER BEN AMUNT","og_description":"[vc_row full_width=\u00bbstretch_row_content_no_spaces\u00bb vc_row_angle_after_reverce=\u00bbyes\u00bb][vc_column][xtrm_banner_child style_banner=\u00bbsimple\u00bb height=\u00bbmedium_banner\u00bb light=\u00bbyes\u00bb btn_style=\u00bba-btn\u00bb custom_overlay=\u00bbtrue\u00bb overlay_color=\u00bb#00000060&#8243; title=\u00bbCl\u00e1usula de comunicaciones\u00bb image=\u00bb11322&#8243;][\/vc_column][\/vc_row][vc_row desctop_mt=\u00bbmargin-lg-175t\u00bb][vc_column][vc_column_text css=\u00bb\u00bb]De conformidad con la normativa vigente en protecci\u00f3n de datos de car\u00e1cter personal, se informa al usuario que los datos facilitados a trav\u00e9s del formulario ser\u00e1n incorporados al sistema de tratamiento de ANDREU BORR\u00c0S GARC\u00cdA, NIF 43176746L, con domicilio (a efectos ...","og_url":"https:\/\/sollerbenamunt.com\/es\/clausula-comunicaciones\/","og_site_name":"S\u00d3LLER BEN AMUNT","article_publisher":"https:\/\/www.facebook.com\/sollerbenamunt","article_modified_time":"2026-01-27T14:48:41+00:00","og_image":[{"width":1024,"height":576,"url":"https:\/\/sollerbenamunt.com\/wp-content\/uploads\/2024\/06\/20221029_130507-01-1024x576.jpg","type":"image\/jpeg"}],"twitter_card":"summary_large_image","twitter_misc":{"Tiempo de lectura":"2 minutos"},"schema":{"@context":"https:\/\/schema.org","@graph":[{"@type":"WebPage","@id":"https:\/\/sollerbenamunt.com\/es\/clausula-comunicaciones\/","url":"https:\/\/sollerbenamunt.com\/es\/clausula-comunicaciones\/","name":"Clausula Comunicaciones | S\u00d3LLER BEN AMUNT","isPartOf":{"@id":"https:\/\/sollerbenamunt.com\/es\/#website"},"datePublished":"2026-01-27T12:27:20+00:00","dateModified":"2026-01-27T14:48:41+00:00","breadcrumb":{"@id":"https:\/\/sollerbenamunt.com\/es\/clausula-comunicaciones\/#breadcrumb"},"inLanguage":"es","potentialAction":[{"@type":"ReadAction","target":["https:\/\/sollerbenamunt.com\/es\/clausula-comunicaciones\/"]}]},{"@type":"BreadcrumbList","@id":"https:\/\/sollerbenamunt.com\/es\/clausula-comunicaciones\/#breadcrumb","itemListElement":[{"@type":"ListItem","position":1,"name":"Portada","item":"https:\/\/sollerbenamunt.com\/es\/inicio\/"},{"@type":"ListItem","position":2,"name":"Clausula Comunicaciones"}]},{"@type":"WebSite","@id":"https:\/\/sollerbenamunt.com\/es\/#website","url":"https:\/\/sollerbenamunt.com\/es\/","name":"S\u00d3LLER BEN AMUNT","description":"Senderismo y Trailrunning en Mallorca","publisher":{"@id":"https:\/\/sollerbenamunt.com\/es\/#organization"},"alternateName":"S\u00d3LLER BEN AMUNT","potentialAction":[{"@type":"SearchAction","target":{"@type":"EntryPoint","urlTemplate":"https:\/\/sollerbenamunt.com\/es\/?s={search_term_string}"},"query-input":{"@type":"PropertyValueSpecification","valueRequired":true,"valueName":"search_term_string"}}],"inLanguage":"es"},{"@type":"Organization","@id":"https:\/\/sollerbenamunt.com\/es\/#organization","name":"S\u00d3LLER BEN AMUNT","alternateName":"S\u00d3LLER BEN AMUNT","url":"https:\/\/sollerbenamunt.com\/es\/","logo":{"@type":"ImageObject","inLanguage":"es","@id":"https:\/\/sollerbenamunt.com\/es\/#\/schema\/logo\/image\/","url":"https:\/\/sollerbenamunt.com\/wp-content\/uploads\/2025\/03\/sollerbenamunt-logo-fondo-blanco.png","contentUrl":"https:\/\/sollerbenamunt.com\/wp-content\/uploads\/2025\/03\/sollerbenamunt-logo-fondo-blanco.png","width":1080,"height":1080,"caption":"S\u00d3LLER BEN AMUNT"},"image":{"@id":"https:\/\/sollerbenamunt.com\/es\/#\/schema\/logo\/image\/"},"sameAs":["https:\/\/www.facebook.com\/sollerbenamunt","https:\/\/www.instagram.com\/soller_ben_amunt\/"]}]}},"_links":{"self":[{"href":"https:\/\/sollerbenamunt.com\/es\/wp-json\/wp\/v2\/pages\/16595","targetHints":{"allow":["GET"]}}],"collection":[{"href":"https:\/\/sollerbenamunt.com\/es\/wp-json\/wp\/v2\/pages"}],"about":[{"href":"https:\/\/sollerbenamunt.com\/es\/wp-json\/wp\/v2\/types\/page"}],"author":[{"embeddable":true,"href":"https:\/\/sollerbenamunt.com\/es\/wp-json\/wp\/v2\/users\/2"}],"replies":[{"embeddable":true,"href":"https:\/\/sollerbenamunt.com\/es\/wp-json\/wp\/v2\/comments?post=16595"}],"version-history":[{"count":6,"href":"https:\/\/sollerbenamunt.com\/es\/wp-json\/wp\/v2\/pages\/16595\/revisions"}],"predecessor-version":[{"id":16638,"href":"https:\/\/sollerbenamunt.com\/es\/wp-json\/wp\/v2\/pages\/16595\/revisions\/16638"}],"wp:attachment":[{"href":"https:\/\/sollerbenamunt.com\/es\/wp-json\/wp\/v2\/media?parent=16595"}],"curies":[{"name":"wp","href":"https:\/\/api.w.org\/{rel}","templated":true}]}}